{"id":16,"date":"2019-09-12T12:24:46","date_gmt":"2019-09-12T10:24:46","guid":{"rendered":"https:\/\/la-petite-classe.com\/uk-us\/?page_id=16"},"modified":"2025-02-15T17:20:00","modified_gmt":"2025-02-15T16:20:00","slug":"wellcome","status":"publish","type":"page","link":"https:\/\/la-petite-classe.com\/uk-us\/","title":{"rendered":""},"content":{"rendered":"\n<div class=\"wp-block-group alignfull has-global-padding is-layout-constrained wp-container-core-group-is-layout-34456d4c wp-block-group-is-layout-constrained\" style=\"margin-top:var(--wp--preset--spacing--20);margin-bottom:var(--wp--preset--spacing--20);padding-top:0;padding-right:var(--wp--preset--spacing--20);padding-bottom:var(--wp--preset--spacing--20);padding-left:var(--wp--preset--spacing--20)\">\n<h1 class=\"wp-block-heading has-text-align-center\">Learn French by total immersion!<\/h1>\n\n\n\n<h2 class=\"wp-block-heading alignwide has-text-align-center\" style=\"font-size:clamp(16.293px, 1.018rem + ((1vw - 3.2px) * 0.777), 25px);\">Just 1 hour from Paris, in the smallest school in France, with Maryse, you will dive into the heart of Burgundy, in an ancient 17th century convent, learning French while savouring the local specialities.<\/h2>\n\n\n\n<h3 class=\"wp-block-heading alignwide has-text-align-center\">Come live, eat, study and discover French culture.<br>It is a unique experience that I am offering you.<\/h3>\n<\/div>\n\n\n\n<div class=\"wp-block-group is-layout-flow wp-block-group-is-layout-flow\" style=\"margin-top:var(--wp--preset--spacing--30);margin-bottom:var(--wp--preset--spacing--30);padding-top:0;padding-bottom:0\">\n<figure class=\"wp-block-image aligncenter size-full is-resized\"><img decoding=\"async\" src=\"https:\/\/immersion-french-lessons.com\/wp-content\/uploads\/2022\/06\/couvent3-e1655739022910.jpg\" alt=\"un ancien couvent restaur\u00e9\" class=\"wp-image-214\" style=\"object-fit:cover;width:857px;height:auto\"\/><\/figure>\n<\/div>\n\n\n\n<div class=\"wp-block-group alignfull has-global-padding is-layout-constrained wp-container-core-group-is-layout-c9115f92 wp-block-group-is-layout-constrained\" id=\"professor\" style=\"padding-right:var(--wp--preset--spacing--20);padding-left:var(--wp--preset--spacing--20)\">\n<div class=\"wp-block-media-text has-media-on-the-right is-stacked-on-mobile is-vertically-aligned-center is-image-fill-element has-theme-3-background-color has-background\" style=\"margin-top:0;margin-bottom:0;padding-right:0;padding-bottom:0;padding-left:var(--wp--preset--spacing--20);grid-template-columns:auto 29%\"><div class=\"wp-block-media-text__content\">\n<div style=\"height:var(--wp--preset--spacing--20)\" aria-hidden=\"true\" class=\"wp-block-spacer\"><\/div>\n\n\n\n<h3 class=\"wp-block-heading\">I am Maryse, your professor.<\/h3>\n\n\n\n<p style=\"font-style:normal;font-weight:600\">I am an FLE qualified professor (French as a foreign language) for many years. I have taught in France and in the Centres of Culture in Helsinki and Tokyo. In 1994, I decided to create my own programme and to work in my own home in Semur-en-Auxois.<br>I welcome adults of all nationalities.<\/p>\n\n\n\n<div style=\"height:0px\" aria-hidden=\"true\" class=\"wp-block-spacer\"><\/div>\n\n\n\n<h3 class=\"wp-block-heading\">Why choose my method?<\/h3>\n\n\n\n<p style=\"font-style:normal;font-weight:600\">Because, I have found that to learn a new language, it is important to study the rules of grammar. It is also a good idea to immerse yourself in a culture to discover new ways of thinking and living.<\/p>\n\n\n\n<p class=\"has-text-align-center\" style=\"font-style:normal;font-weight:600\">&#8220;A living language cannot be studied in a laboratory&#8221;<\/p>\n\n\n\n<p class=\"has-text-align-left\" style=\"font-style:normal;font-weight:600\">By choosing my little school, you will benefit from personalised instruction, adapted to your rhythm and your objectives. Without forgetting, acquiring good PRONUNCIATION. You will progress rapidly and efficiently, while discovering the riches of Burgundy.\u00a0<\/p>\n\n\n\n<div style=\"height:var(--wp--preset--spacing--20)\" aria-hidden=\"true\" class=\"wp-block-spacer\"><\/div>\n<\/div><figure class=\"wp-block-media-text__media\"><img decoding=\"async\" src=\"https:\/\/immersion-french-lessons.com\/wp-content\/uploads\/2025\/01\/maryse-planel-1024x1012.jpg\" alt=\"une dame brune assise accoud\u00e9e \u00e0 une table en verre\" class=\"wp-image-388 size-full\" style=\"object-position:41% 49%\"\/><\/figure><\/div>\n<\/div>\n\n\n\n<div style=\"height:35px\" aria-hidden=\"true\" class=\"wp-block-spacer\"><\/div>\n\n\n\n<figure class=\"wp-block-image aligncenter size-full is-resized\"><img decoding=\"async\" src=\"https:\/\/immersion-french-lessons.com\/wp-content\/uploads\/2025\/01\/DSCN1700.jpg\" alt=\"terrasse et jardin fleuri\" class=\"wp-image-390\" style=\"width:847px\"\/><\/figure>\n\n\n\n<div style=\"height:35px\" aria-hidden=\"true\" class=\"wp-block-spacer\"><\/div>\n\n\n\n<div class=\"wp-block-group alignfull is-style-section-1 has-global-padding is-layout-constrained wp-container-core-group-is-layout-f5029714 wp-block-group-is-layout-constrained is-style-section-1--1\" id=\"courses\" style=\"margin-top:0;margin-bottom:0;padding-top:var(--wp--preset--spacing--30);padding-right:var(--wp--preset--spacing--20);padding-bottom:var(--wp--preset--spacing--30);padding-left:var(--wp--preset--spacing--20)\">\n<h2 class=\"wp-block-heading has-text-align-center\">I welcome you for intensive language courses to allow you to progress quickly in French.<\/h2>\n\n\n\n<div class=\"wp-block-group has-global-padding is-layout-constrained wp-block-group-is-layout-constrained\">\n<h3 class=\"wp-block-heading\">How does it Work?<\/h3>\n\n\n\n<ul class=\"wp-block-list\">\n<li>We&#8217;ll start by exchanging e-mails to assess your level and personality before your stay.<\/li>\n\n\n\n<li>The lessons are private, personalised and adapted to your level. You can reserve one, two or three weeks for your language course.<\/li>\n\n\n\n<li>Guaranteed immersion: Lessons from morning to lunch, conversations during the meals. French everywhere!<\/li>\n\n\n\n<li>A communicative approach: emphasis is put on pronunciation, conversation, oral practice.<\/li>\n<\/ul>\n<\/div>\n\n\n\n<div class=\"wp-block-group has-global-padding is-layout-constrained wp-block-group-is-layout-constrained\">\n<h3 class=\"wp-block-heading\">A Typical Day:<\/h3>\n\n\n\n<ul class=\"wp-block-list\">\n<li><strong>8h30 &#8211; 9h :<\/strong> oral practice during breakfast to enhance your achievements.<\/li>\n\n\n\n<li><strong>9h &#8211; 12h :<\/strong> new lesson (60% Oral, 40% Written)<\/li>\n\n\n\n<li><strong>12h15 &#8211; 13h&nbsp;:<\/strong> during a conversation over lunch, put into practice the knowledge learned in class.<\/li>\n<\/ul>\n<\/div>\n\n\n\n<div class=\"wp-block-group has-global-padding is-layout-constrained wp-block-group-is-layout-constrained\">\n<h3 class=\"wp-block-heading\">The advantages:<\/h3>\n\n\n\n<ul class=\"wp-block-list\">\n<li>Rapid and lasting progress thanks to an active and enjoyable method.<\/li>\n\n\n\n<li>A convivial and stimulating ambience.<\/li>\n\n\n\n<li>Personalised monitoring during your course.<\/li>\n<\/ul>\n<\/div>\n<\/div>\n\n\n\n<div style=\"height:35px\" aria-hidden=\"true\" class=\"wp-block-spacer\"><\/div>\n\n\n\n<div class=\"wp-block-group alignfull has-global-padding is-layout-constrained wp-block-group-is-layout-constrained\">\n<div class=\"wp-block-columns alignwide are-vertically-aligned-center is-layout-flex wp-container-core-columns-is-layout-28f84493 wp-block-columns-is-layout-flex\">\n<div class=\"wp-block-column is-vertically-aligned-center has-global-padding is-layout-constrained wp-block-column-is-layout-constrained\" style=\"flex-basis:33.34%\">\n<figure class=\"wp-block-image aligncenter size-full\"><img decoding=\"async\" src=\"https:\/\/immersion-french-lessons.com\/wp-content\/uploads\/2025\/01\/IMG_3931.jpg\" alt=\"un homme assis devant une biblioth\u00e8que flatte un chien\" class=\"wp-image-455\" style=\"aspect-ratio:1;object-fit:contain\"\/><\/figure>\n<\/div>\n\n\n\n<div class=\"wp-block-column is-vertically-aligned-center has-global-padding is-layout-constrained wp-block-column-is-layout-constrained\" style=\"flex-basis:33.34%\">\n<figure class=\"wp-block-image size-full\"><img decoding=\"async\" src=\"https:\/\/immersion-french-lessons.com\/wp-content\/uploads\/2025\/01\/IMG_1093.jpg\" alt=\"une femme debout dans la cour d'un vieux b\u00e2timent restaur\u00e9\" class=\"wp-image-385\" style=\"aspect-ratio:1;object-fit:cover\"\/><\/figure>\n<\/div>\n\n\n\n<div class=\"wp-block-column is-vertically-aligned-center has-global-padding is-layout-constrained wp-block-column-is-layout-constrained\" style=\"flex-basis:33.33%\">\n<figure class=\"wp-block-image aligncenter size-full\"><img decoding=\"async\" src=\"https:\/\/immersion-french-lessons.com\/wp-content\/uploads\/2025\/01\/IMG_0011.jpg\" alt=\"un \u00e9tudiant assis r\u00e9fl\u00e9chit\" class=\"wp-image-383\" style=\"aspect-ratio:1;object-fit:cover\"\/><\/figure>\n<\/div>\n<\/div>\n<\/div>\n\n\n\n<div style=\"height:35px\" aria-hidden=\"true\" class=\"wp-block-spacer\"><\/div>\n\n\n\n<div class=\"wp-block-group alignwide is-style-section-2 has-global-padding is-layout-constrained wp-container-core-group-is-layout-d8a87e06 wp-block-group-is-layout-constrained is-style-section-2--2\" id=\"accommodation\" style=\"padding-top:var(--wp--preset--spacing--30);padding-right:var(--wp--preset--spacing--20);padding-bottom:var(--wp--preset--spacing--30);padding-left:var(--wp--preset--spacing--20);font-style:normal;font-weight:600\">\n<h2 class=\"wp-block-heading has-text-align-center\">Accommodation and visits<\/h2>\n\n\n\n<p>You will live in an ancient, restored convent, built in 1610, located in <a href=\"https:\/\/www.terres-auxois.fr\/\" target=\"_blank\" rel=\"noreferrer noopener\">Semur-en-Auxois<\/a>, a little medieval Burgundian town. A French region rich in <a href=\"https:\/\/fr.wikipedia.org\/wiki\/Vignoble_de_Bourgogne\" target=\"_blank\" rel=\"noreferrer noopener\">wines<\/a>, chateaux and abbeys: V\u00e9zelay, Flavigny,&nbsp;l\u2019<a href=\"https:\/\/www.abbayedefontenay.com\" target=\"_blank\" rel=\"noreferrer noopener\">Abbaye de Fontenay<\/a> (a UNESCO World Heritage site).<br>Burgundy is beautiful. Quite simply, it is beautiful, with it\u2019s forests, lush hills and innumerable waterways.<\/p>\n\n\n\n<ul class=\"wp-block-list\">\n<li>You will have your own private bedroom with internet access.<\/li>\n\n\n\n<li>7 Breakfasts and 5 Lunches each week and a French Specialty\/Day are included in the tariff.<\/li>\n\n\n\n<li>You can use the Kitchen for dinners and at the weekends.<\/li>\n\n\n\n<li>We will visit the region, 2 afternoons each week.<\/li>\n\n\n\n<li>Depending on the calendar of festivals, concerts etc, we shall attend them together.<\/li>\n<\/ul>\n<\/div>\n\n\n\n<div style=\"height:35px\" aria-hidden=\"true\" class=\"wp-block-spacer\"><\/div>\n\n\n\n<div class=\"wp-block-group alignfull has-global-padding is-layout-constrained wp-block-group-is-layout-constrained\">\n<div class=\"wp-block-columns is-layout-flex wp-container-core-columns-is-layout-28f84493 wp-block-columns-is-layout-flex\">\n<div class=\"wp-block-column has-global-padding is-layout-constrained wp-block-column-is-layout-constrained\" style=\"flex-basis:50%\">\n<figure class=\"wp-block-image aligncenter size-full\"><img decoding=\"async\" src=\"https:\/\/immersion-french-lessons.com\/wp-content\/uploads\/2025\/01\/IMG_3182.jpg\" alt=\"int\u00e9rieur d'une chambre restaur\u00e9e\" class=\"wp-image-386\" style=\"aspect-ratio:3\/2;object-fit:cover\"\/><\/figure>\n<\/div>\n\n\n\n<div class=\"wp-block-column has-global-padding is-layout-constrained wp-block-column-is-layout-constrained\" style=\"flex-basis:50%\">\n<figure class=\"wp-block-image size-full\"><img decoding=\"async\" src=\"https:\/\/immersion-french-lessons.com\/wp-content\/uploads\/2025\/01\/Vue-exterieure.jpg\" alt=\"vue d'une fen\u00eatre sur une rivi\u00e8re\" class=\"wp-image-389\" style=\"aspect-ratio:3\/2;object-fit:cover\"\/><\/figure>\n<\/div>\n<\/div>\n<\/div>\n\n\n\n<div style=\"height:35px\" aria-hidden=\"true\" class=\"wp-block-spacer\"><\/div>\n\n\n\n<div class=\"wp-block-group alignfull is-style-section-1 has-global-padding is-layout-constrained wp-container-core-group-is-layout-7617566b wp-block-group-is-layout-constrained is-style-section-1--3\" id=\"registration\" style=\"margin-top:0;margin-bottom:0;padding-top:var(--wp--preset--spacing--30);padding-bottom:var(--wp--preset--spacing--30)\">\n<h3 class=\"wp-block-heading\">To guarantee the best progression, I have put in place some registration conditions:<\/h3>\n\n\n\n<ul class=\"wp-block-list\">\n<li>Required level. You should have acquired a base in French (about 60 hours of lessons).<\/li>\n\n\n\n<li>An intensive rhythm. You will have&nbsp; 4hours and 30 minutes of uninterrupted lessons each day, every day! This rhythm allows for rapid progress, but necessitates a lot of motivation.<\/li>\n\n\n\n<li>Total Immersion. You will live in my home, which will help your daily French practice and therefore accelerate your learning.<\/li>\n\n\n\n<li>Early Registration: Reserve your stay at least one month in advance, particularly if you wish to come between April and October.<\/li>\n<\/ul>\n<\/div>\n\n\n\n<div style=\"height:35px\" aria-hidden=\"true\" class=\"wp-block-spacer\"><\/div>\n\n\n\n<div class=\"wp-block-group has-global-padding is-layout-constrained wp-block-group-is-layout-constrained\">\n<figure class=\"wp-block-image aligncenter size-full is-resized\"><img loading=\"lazy\" decoding=\"async\" width=\"1080\" height=\"810\" src=\"https:\/\/la-petite-classe.com\/uk-us\/wp-content\/uploads\/sites\/3\/2025\/02\/IMG_4218-2b.jpg\" alt=\"view of a medieval village\" class=\"wp-image-132\" style=\"width:847px\" srcset=\"https:\/\/la-petite-classe.com\/uk-us\/wp-content\/uploads\/sites\/3\/2025\/02\/IMG_4218-2b.jpg 1080w, https:\/\/la-petite-classe.com\/uk-us\/wp-content\/uploads\/sites\/3\/2025\/02\/IMG_4218-2b-300x225.jpg 300w, https:\/\/la-petite-classe.com\/uk-us\/wp-content\/uploads\/sites\/3\/2025\/02\/IMG_4218-2b-1024x768.jpg 1024w, https:\/\/la-petite-classe.com\/uk-us\/wp-content\/uploads\/sites\/3\/2025\/02\/IMG_4218-2b-768x576.jpg 768w\" sizes=\"auto, (max-width: 1080px) 100vw, 1080px\" \/><figcaption class=\"wp-element-caption\"><em>\u00a9 Aur\u00e9lie Geoffroy Photographie, as on the cover of Lonely Planet.<\/em><\/figcaption><\/figure>\n<\/div>\n\n\n\n<div class=\"wp-block-group alignwide is-style-section-2 is-layout-flow wp-block-group-is-layout-flow is-style-section-2--4\" id=\"testimonials\" style=\"border-radius:7px;margin-top:var(--wp--preset--spacing--20);margin-bottom:var(--wp--preset--spacing--20);padding-top:var(--wp--preset--spacing--20);padding-right:var(--wp--preset--spacing--40);padding-bottom:var(--wp--preset--spacing--20);padding-left:var(--wp--preset--spacing--40)\">\n<h2 class=\"wp-block-heading has-text-align-center\">Testimonials<\/h2>\n\n\n\n<div class=\"wp-block-columns is-style-section-1 is-layout-flex wp-container-core-columns-is-layout-74d018ca wp-block-columns-is-layout-flex is-style-section-1--5\" style=\"border-width:1px;border-radius:7px;padding-top:var(--wp--preset--spacing--20);padding-right:var(--wp--preset--spacing--20);padding-bottom:var(--wp--preset--spacing--20);padding-left:var(--wp--preset--spacing--20)\">\n<div class=\"wp-block-column is-layout-flow wp-block-column-is-layout-flow\"><style id=\"sp_testimonial_dynamic_css97\">#sp-testimonial-free-wrapper-97 .sp-testimonial-free-section .testimonial-nav-arrow{background: transparent;border: 0px solid #777777;color: #a5765f;}#sp-testimonial-free-wrapper-97 .sp-testimonial-free-section .testimonial-nav-arrow:hover {background: #a5765f;border-color: #1595CE;color: #fffcf9;}#sp-testimonial-free-wrapper-97 .sp-testimonial-free-section{margin: 0 50px;}#sp-testimonial-free-wrapper-97 .sp-testimonial-free-section .sp-testimonial-client-testimonial{color: #333333;}#sp-testimonial-free-wrapper-97 .sp-testimonial-free-section .sp-testimonial-title .sp-testimonial-post-title{color: #404350;}#sp-testimonial-free-wrapper-97 .sp-testimonial-free {background : transparent;border: 0px solid #e3e3e3;border-radius: 0px;}<\/style><div id=\"sp-testimonial-free-wrapper-97\" class=\"sp-testimonial-free-wrapper\"><div id=\"sp-testimonial-free-97\" class=\"sp-testimonial-free-section tfree-style-theme-one\" dir=\"ltr\" data-preloader=\"\" data-swiper='{&quot;dots&quot;: 0,&quot;pagination_type&quot;: &quot;dots&quot;, &quot;spaceBetween&quot;: 20, &quot;adaptiveHeight&quot;: false, &quot;pauseOnHover&quot;: true, &quot;slidesToShow&quot;: 1, &quot;speed&quot;: 2540, &quot;arrows&quot;: &quot;1&quot;, &quot;autoplay&quot;: true, &quot;autoplaySpeed&quot;: 5000, &quot;swipe&quot;: true, &quot;swipeToSlide&quot;: false, &quot;draggable&quot;: true, &quot;freeMode&quot;: false, &quot;rtl&quot;: false, &quot;infinite&quot;: true,&quot;slidesPerView&quot;: {&quot;lg_desktop&quot;:1 , &quot;desktop&quot;: 1, &quot;laptop&quot;:1 , &quot;tablet&quot;: 1, &quot;mobile&quot;: 1},&quot;navigation_mobile&quot;: true, &quot;pagination_mobile&quot;:true, &quot;autoplay_mobile&quot;:true}' ><div class=\"swiper-wrapper\"><div class=\"sp-testimonial-item swiper-slide\"><div class=\"sp-testimonial-free\"><div class=\"sp-testimonial-title\"><h3 class=\"sp-testimonial-post-title\">Patrick Schwartzkopf, 35 ans, Allemagne<\/h3><\/div><div class=\"sp-testimonial-client-testimonial\"><div class=\"sp-testimonial-content\"><p>I did a one-week individual French course with Maryse. Very intensive, made really good progress. Maryse is dedicated, passionate about teaching and very experienced. Pronunciation exercises were great. Very inspiring French conversations and lots of grammar very well explained. I recommend this class to everyone. Highly effective and pleasant.<\/p><\/div><\/div><\/div> <\/div> <div class=\"sp-testimonial-item swiper-slide\"><div class=\"sp-testimonial-free\"><div class=\"sp-testimonial-title\"><h3 class=\"sp-testimonial-post-title\">Charlotte et Calvin Dorion, 48 ans, Canada<\/h3><\/div><div class=\"sp-testimonial-client-testimonial\"><div class=\"sp-testimonial-content\"><p>My week has been superb, in a gorgeous centuries MA ex-convent, surrounded by trees and flowering terraces.<br \/>I certainly had a wonderful teacher in Maryse. As a teacher myself, I was impressed by her structured approach, which included coaching in pronunciation. And Maryse\u2019s meals were wonderful.<\/p><\/div><\/div><\/div> <\/div> <div class=\"sp-testimonial-item swiper-slide\"><div class=\"sp-testimonial-free\"><div class=\"sp-testimonial-title\"><h3 class=\"sp-testimonial-post-title\">Chad Goerner, 38 ans, Princeton, USA First Vice President \u2013 UBS Institutional Consulting<\/h3><\/div><div class=\"sp-testimonial-client-testimonial\"><div class=\"sp-testimonial-content\"><\/p><p class=\"has-theme-3-background-color has-background\">Maryse est une merveilleuse professeur. Elle a une combinaison de patience et de compr\u00e9hension qui vous permet d\u2019avancer rapidement. Ce qui rend extr\u00eamement efficace les cours de fran\u00e7ais, c\u2019est la perspicacit\u00e9 que Maryse donne \u00e0 la culture fran\u00e7aise, de la nourriture et de l\u2019histoire.<\/p><\/div><\/div><\/div> <\/div> <div class=\"sp-testimonial-item swiper-slide\"><div class=\"sp-testimonial-free\"><div class=\"sp-testimonial-title\"><h3 class=\"sp-testimonial-post-title\">Antonella, 42 ans, professeur de fran\u00e7ais, Italie<\/h3><\/div><div class=\"sp-testimonial-client-testimonial\"><div class=\"sp-testimonial-content\"><p>Mon s\u00e9jour de 2 semaines a \u00e9t\u00e9 super sympa. Maryse est tr\u00e8s disponible et m\u2019a fait sentir comme chez moi. J\u2019ai pu parfaire mes connaissances et ma prononciation gr\u00e2ce \u00e0 un programme \u00ab sur mesure \u00bb. De plus, j\u2019ai d\u00e9couvert la Bourgogne, et Semur, superbe village m\u00e9di\u00e9val. J\u2019ai aussi profit\u00e9 des repas exquis de Maryse, souvent servis dans son jardin!<\/p><\/div><\/div><\/div> <\/div> <\/div><div class=\"swiper-button-prev testimonial-nav-arrow vertical_center\"><i class=\"fa fa-angle-left\"><\/i><\/div><div class=\"swiper-button-next testimonial-nav-arrow vertical_center\"><i class=\"fa fa-angle-right\"><\/i><\/div><\/div><\/div>\n<\/div>\n<\/div>\n<\/div>\n\n\n\n<div class=\"wp-block-group has-global-padding is-layout-constrained wp-block-group-is-layout-constrained\">\n<blockquote class=\"wp-block-quote has-text-align-center is-style-default has-medium-font-size is-layout-flow wp-block-quote-is-layout-flow\" style=\"margin-top:var(--wp--preset--spacing--30);margin-bottom:var(--wp--preset--spacing--20);padding-right:var(--wp--preset--spacing--40);padding-left:var(--wp--preset--spacing--40)\">\n<p class=\"has-large-font-size\" style=\"line-height:1.2\"><strong><em>A small class with class in a privileged location far from the noise and fury of the world, with exceptional natural surroundings and a unique medieval town<\/em><\/strong><\/p>\n<\/blockquote>\n<\/div>\n\n\n\n<div style=\"height:35px\" aria-hidden=\"true\" class=\"wp-block-spacer\"><\/div>\n\n\n\n<div class=\"wp-block-group is-style-section-1 has-global-padding is-layout-constrained wp-container-core-group-is-layout-0b41f467 wp-block-group-is-layout-constrained is-style-section-1--6\" style=\"margin-top:0;margin-bottom:0;padding-top:30px;padding-right:var(--wp--style--root--padding-right, var(--wp--custom--gap--horizontal));padding-bottom:50px;padding-left:var(--wp--style--root--padding-left, var(--wp--custom--gap--horizontal))\">\n<h3 class=\"wp-block-heading alignwide has-text-align-center has-large-font-size\">To Go Further:<\/h3>\n\n\n\n<div class=\"wp-block-group is-style-section-1 is-vertical is-content-justification-center is-layout-flex wp-container-core-group-is-layout-bc1c67bb wp-block-group-is-layout-flex is-style-section-1--7\" style=\"padding-top:var(--wp--preset--spacing--20);padding-right:var(--wp--preset--spacing--20);padding-bottom:var(--wp--preset--spacing--20);padding-left:var(--wp--preset--spacing--20)\">\n<h4 class=\"wp-block-heading has-text-align-center has-medium-font-size\">Visit my Blog to find out more before your arrival and you will feel immediately at ease in my home.<\/h4>\n\n\n\n<div class=\"wp-block-buttons is-layout-flex wp-block-buttons-is-layout-flex\">\n<div class=\"wp-block-button is-style-fill\"><a class=\"wp-block-button__link has-text-align-center wp-element-button\" href=\"https:\/\/la-petite-classe.com\/le-blog-de-la-prof\/\" target=\"_blank\" rel=\"noreferrer noopener\">The teacher&#8217;s blog (in french)<\/a><\/div>\n<\/div>\n\n\n\n<figure class=\"wp-block-image aligncenter size-full is-resized\"><a href=\"https:\/\/la-petite-classe.com\/le-blog-de-la-prof\/\" target=\"_blank\" rel=\" noreferrer noopener\"><img decoding=\"async\" src=\"https:\/\/immersion-french-lessons.com\/wp-content\/uploads\/2025\/01\/Logo-dans-le-blog-4.png\" alt=\"lettrage bleu\" class=\"wp-image-262\" style=\"width:206px;height:auto\"\/><\/a><\/figure>\n\n\n\n<div style=\"height:35px\" aria-hidden=\"true\" class=\"wp-block-spacer wp-container-content-8af585c5\"><\/div>\n\n\n\n<h4 class=\"wp-block-heading has-text-align-center has-medium-font-size\">Please do not hesitate to contact me :<\/h4>\n\n\n\n<div class=\"wp-block-buttons is-content-justification-center is-layout-flex wp-container-core-buttons-is-layout-a89b3969 wp-block-buttons-is-layout-flex\">\n<div class=\"wp-block-button is-style-fill\"><a class=\"wp-block-button__link has-text-align-center wp-element-button\" href=\"mailto:maryse@la-petite-classe.com\">Contact<\/a><\/div>\n<\/div>\n<\/div>\n<\/div>\n","protected":false},"excerpt":{"rendered":"<p>Learn French by total immersion! Just 1 hour from Paris, in the smallest school in France, with Maryse, you will dive into the heart of Burgundy, in an ancient 17th century convent, learning French while savouring the local specialities. Come live, eat, study and discover French culture.It is a unique experience that I am offering [&hellip;]<\/p>\n","protected":false},"author":1,"featured_media":0,"parent":0,"menu_order":0,"comment_status":"closed","ping_status":"closed","template":"","meta":{"_seopress_robots_primary_cat":"","_seopress_titles_title":"%%sitetitle%% %%sep%% Private french lessons for adults","_seopress_titles_desc":"Private french lessons for adults of all nationalities in total immersion chez Maryse in Burgundy (Semur-en-Auxois) and online.","_seopress_robots_index":"","footnotes":""},"class_list":["post-16","page","type-page","status-publish","hentry"],"_links":{"self":[{"href":"https:\/\/la-petite-classe.com\/uk-us\/wp-json\/wp\/v2\/pages\/16","targetHints":{"allow":["GET"]}}],"collection":[{"href":"https:\/\/la-petite-classe.com\/uk-us\/wp-json\/wp\/v2\/pages"}],"about":[{"href":"https:\/\/la-petite-classe.com\/uk-us\/wp-json\/wp\/v2\/types\/page"}],"author":[{"embeddable":true,"href":"https:\/\/la-petite-classe.com\/uk-us\/wp-json\/wp\/v2\/users\/1"}],"replies":[{"embeddable":true,"href":"https:\/\/la-petite-classe.com\/uk-us\/wp-json\/wp\/v2\/comments?post=16"}],"version-history":[{"count":15,"href":"https:\/\/la-petite-classe.com\/uk-us\/wp-json\/wp\/v2\/pages\/16\/revisions"}],"predecessor-version":[{"id":136,"href":"https:\/\/la-petite-classe.com\/uk-us\/wp-json\/wp\/v2\/pages\/16\/revisions\/136"}],"wp:attachment":[{"href":"https:\/\/la-petite-classe.com\/uk-us\/wp-json\/wp\/v2\/media?parent=16"}],"curies":[{"name":"wp","href":"https:\/\/api.w.org\/{rel}","templated":true}]}}