{"id":26,"date":"2019-12-17T18:20:45","date_gmt":"2019-12-17T17:20:45","guid":{"rendered":"https:\/\/la-petite-classe.com\/swe\/?page_id=26"},"modified":"2024-07-26T15:18:58","modified_gmt":"2024-07-26T13:18:58","slug":"valkommen","status":"publish","type":"page","link":"https:\/\/la-petite-classe.com\/swe\/","title":{"rendered":""},"content":{"rendered":"\n<h3 class=\"wp-block-heading\"><strong>Den lilla klassen<\/strong><\/h3>\n\n\n\n<p>En liten skola.<br>Den minsta i Frankrike.<br>En skola hos Maryse&#8217;s, din l\u00e4rare.<br>Du tar TGV i Paris (Gare de Lyon) eller direkt fr\u00e5n Roissy flygplats och efter bara en timme \u00e4r h\u00e4r!<\/p>\n\n\n\n<figure class=\"wp-block-image size-full\"><img loading=\"lazy\" decoding=\"async\" width=\"640\" height=\"480\" src=\"https:\/\/la-petite-classe.com\/swe\/wp-content\/uploads\/sites\/6\/2019\/12\/SUE_IMG_0379.jpg\" alt=\"old covent\" class=\"wp-image-28\" srcset=\"https:\/\/la-petite-classe.com\/swe\/wp-content\/uploads\/sites\/6\/2019\/12\/SUE_IMG_0379.jpg 640w, https:\/\/la-petite-classe.com\/swe\/wp-content\/uploads\/sites\/6\/2019\/12\/SUE_IMG_0379-300x225.jpg 300w\" sizes=\"auto, (max-width: 640px) 100vw, 640px\" \/><\/figure>\n\n\n\n<p>Det \u00e4r ett restaurerat gammalt kloster, fr\u00e5n 1610, i Semur-en-Auxois, en liten medeltida stad i Bourgogne, en fransk region rik p\u00e5 viner, slott och kloster:<br>V\u00e9zelay, Flavigny, Abbey de Fontenay (ett av UNESCOs v\u00e4rldsarv).<br>Bourgogne \u00e4r vackert Helt enkelt.<br>Dess vackra skogar, dess gr\u00f6na kullar och dess otaliga b\u00e4ckar. Seine har sin k\u00e4lla h\u00e4r.<\/p>\n\n\n\n<figure class=\"wp-block-image size-full\"><img loading=\"lazy\" decoding=\"async\" width=\"680\" height=\"383\" src=\"https:\/\/la-petite-classe.com\/swe\/wp-content\/uploads\/sites\/6\/2019\/12\/SU_DSC_0171.jpg\" alt=\"flowers of the garden\" class=\"wp-image-29\" srcset=\"https:\/\/la-petite-classe.com\/swe\/wp-content\/uploads\/sites\/6\/2019\/12\/SU_DSC_0171.jpg 680w, https:\/\/la-petite-classe.com\/swe\/wp-content\/uploads\/sites\/6\/2019\/12\/SU_DSC_0171-300x169.jpg 300w\" sizes=\"auto, (max-width: 680px) 100vw, 680px\" \/><\/figure>\n\n\n\n<a name=\"larare\"><\/a>\n\n\n\n<div style=\"height:40px\" aria-hidden=\"true\" class=\"wp-block-spacer\"><\/div>\n\n\n\n<h5 class=\"wp-block-heading\">Maryse, din l\u00e4rare<\/h5>\n\n\n\n<p>Jag \u00e4r sedan m\u00e5nga \u00e5r l\u00e4rare i franska som fr\u00e4mmande spr\u00e5k.<br>Jag har undervisat i Frankrike, Helsingfors och Tokyo.<br>Men<br>1994 beslutade jag att skapa mitt eget program och arbeta hemma. Jag tar emot vuxna av alla nationaliteter.<\/p>\n\n\n\n<div class=\"wp-block-image\"><figure class=\"aligncenter size-large is-resized\"><img loading=\"lazy\" decoding=\"async\" src=\"https:\/\/la-petite-classe.com\/swe\/wp-content\/uploads\/sites\/6\/2019\/12\/votreprofesseur.jpg\" alt=\"\" class=\"wp-image-32\" width=\"181\" height=\"300\" srcset=\"https:\/\/la-petite-classe.com\/swe\/wp-content\/uploads\/sites\/6\/2019\/12\/votreprofesseur.jpg 241w, https:\/\/la-petite-classe.com\/swe\/wp-content\/uploads\/sites\/6\/2019\/12\/votreprofesseur-181x300.jpg 181w\" sizes=\"auto, (max-width: 181px) 100vw, 181px\" \/><\/figure><\/div>\n\n\n\n<a name=\"varfor\"><\/a>\n\n\n\n<div style=\"height:40px\" aria-hidden=\"true\" class=\"wp-block-spacer\"><\/div>\n\n\n\n<h5 class=\"wp-block-heading\">Varf\u00f6r?<\/h5>\n\n\n\n<p>Jag k\u00e4nner till alla utbildningar i franska i Frankrike och n\u00e4stan alla \u00e4r mycket seri\u00f6sa. Men det finns ofta f\u00f6r m\u00e5nga elever per klass, och efter kursen, g\u00e5r de ut tillsammans i butikerna, och talar &#8230; engelska!<br>Slutligen \u00e4r sv\u00e5righeten att l\u00e4ra sig franska inte densamma f\u00f6r m\u00e4nniskor som talar indoeuropeiska och asiatiska spr\u00e5k. \u00c4nd\u00e5 \u00e4r alla i samma klass. Och det \u00e4r synd! Det g\u00f6r jag aldrig. Av pedagogiska sk\u00e4l.<\/p>\n\n\n\n<h5 class=\"wp-block-heading\">Mitt m\u00e5l<\/h5>\n\n\n\n<p>Ett levande spr\u00e5k l\u00e4r man sig inte i ett laboratorium.<br>F\u00f6r att verkligen kommunicera m\u00e5ste man f\u00f6rst\u00e5 hur de som talar det lever och t\u00e4nker. Man m\u00e5ste kunna skratta, sk\u00e4mta, uttrycka och sina \u00e5sikter med fransm\u00e4nnen, r &#8230; Genom att studera med mig l\u00e4r du dig snabbt att anv\u00e4nda de grammatiska strukturerna, vilket g\u00f6r att du kan prata obehindrat och utan sv\u00e5righeter.<br>Genom att bo hemma hos mig kommer du verkligen att leva som fransm\u00e4nnen, och vi kommer tillsammans att uppt\u00e4cka rikedomen i v\u00e5ra kulturella skillnader och hur de har utvecklats.<\/p>\n\n\n\n<figure class=\"wp-block-image size-full is-resized\"><img loading=\"lazy\" decoding=\"async\" src=\"https:\/\/la-petite-classe.com\/swe\/wp-content\/uploads\/sites\/6\/2019\/12\/SUE_IMG_2058.jpg\" alt=\"\" class=\"wp-image-35\" width=\"242\" height=\"425\" srcset=\"https:\/\/la-petite-classe.com\/swe\/wp-content\/uploads\/sites\/6\/2019\/12\/SUE_IMG_2058.jpg 323w, https:\/\/la-petite-classe.com\/swe\/wp-content\/uploads\/sites\/6\/2019\/12\/SUE_IMG_2058-171x300.jpg 171w\" sizes=\"auto, (max-width: 242px) 100vw, 242px\" \/><\/figure>\n\n\n\n<a name=\"kurserna\"><\/a>\n\n\n\n<div style=\"height:40px\" aria-hidden=\"true\" class=\"wp-block-spacer\"><\/div>\n\n\n\n<h5 class=\"wp-block-heading\">Kurserna<\/h5>\n\n\n\n<h6 class=\"wp-block-heading\">1- Halv-privat intensivkurs; totalt &#8221;spr\u00e5kbad&#8221;<\/h6>\n\n\n\n<p>Intensiva halv-privata kurser, Framstegen \u00e4r mycket stora.<br>Verkligen varje m\u00e5nad under \u00e5ret,<br>H\u00f6gst 2 personer och p\u00e5 samma niv\u00e5 bor och studerar franska samtidigt hos mig.<\/p>\n\n\n\n<h6 class=\"wp-block-heading\">2- Du v\u00e4ljer sessioner per m\u00e5nad :<\/h6>\n\n\n\n<p>1, 2 eller 3 veckor,<br>Under hela \u00e5ret.<\/p>\n\n\n\n<h6 class=\"wp-block-heading\">Programmet :<\/h6>\n\n\n\n<p>&#8211;&gt; Kursen h\u00e5lls fr\u00e5n 8:30 till 13, m\u00e5ndag till fredag (22,5 timmar per vecka).<br>&#8211;&gt; de \u00e4ger rum enligt f\u00f6ljande:<\/p>\n\n\n\n<p><strong>8h30 &#8211; 9h :<\/strong><br>Muntlig \u00f6vning av dagens lektion under frukosten.<br><strong>9h &#8211; 12h :<\/strong><br>ny lektion (60% muntlig, 40% skriftlig)<br><strong>12h15 &#8211; 13h :<\/strong><br>Konversation under lunchen.<\/p>\n\n\n\n<p><strong>Att uppm\u00e4rksamma :<\/strong><br>Eleverna m\u00e5ste noggrant f\u00f6rbereda frukostdiskussionen, eftersom det handlar om att tillsammans se till att g\u00e5rdagens lektion \u00e4r inl\u00e4rd.<br>Temat f\u00f6r samtalet under lunchen best\u00e4ms kv\u00e4llen innan av eleverna. Och om att \u00f6va de grammatiska strukturerna och ordf\u00f6rr\u00e5det som studerades p\u00e5 morgonen.<\/p>\n\n\n\n<a name=\"boende\"><\/a>\n\n\n\n<div style=\"height:40px\" aria-hidden=\"true\" class=\"wp-block-spacer\"><\/div>\n\n\n\n<h5 class=\"wp-block-heading\">Boende, bes\u00f6k<\/h5>\n\n\n\n<p>-&gt; Du har ett privat rum med tillg\u00e5ng till internet<br><br>-&gt; 7 frukostar och 5 luncher per vecka (en fransk specialitet per dag)<br>Ing\u00e5r i priset.<br>-&gt; Du kan anv\u00e4nda k\u00f6ket f\u00f6r middagar och helger<br><br>-&gt; Jag tar med dig p\u00e5 bes\u00f6k i regionen, tv\u00e5 eftermiddagar i veckan.<br>Och beroende p\u00e5 kalendern f\u00f6r festivaler, konserter, osv &#8230; Vi deltar tillsammans.<\/p>\n\n\n\n<figure class=\"wp-block-image size-full is-resized\"><img loading=\"lazy\" decoding=\"async\" src=\"https:\/\/la-petite-classe.com\/swe\/wp-content\/uploads\/sites\/6\/2019\/12\/SUE_IMG_4144.jpg\" alt=\"\" class=\"wp-image-38\" width=\"640\" height=\"480\"\/><\/figure>\n\n\n\n<h5 class=\"wp-block-heading\">Alternativ (ut\u00f6ver tulltaxan)<\/h5>\n\n\n\n<p><strong>Olika stadier \u00e4r m\u00f6jliga:<\/strong><br>Kolla in <a rel=\"noreferrer noopener\" aria-label=\"min blogg (s\u2019ouvre dans un nouvel onglet)\" href=\"https:\/\/la-petite-classe.com\/le-blog-de-la-prof\/\" target=\"_blank\">min blogg<\/a> f\u00f6r att uppt\u00e4cka dem.<\/p>\n\n\n\n<a name=\"villkor\"><\/a>\n\n\n\n<p><strong>Gastronomisk och kulturell helg :<\/strong><br>Jag inbjuder dig att uppt\u00e4cka Bourgogne genom dess historiska monument och gastronomi, i en hj\u00e4rtlig och avslappnad atmosf\u00e4r. Du kan tala franska eller engelska fr\u00e5n fredag kv\u00e4ll till s\u00f6ndag kv\u00e4ll. Detaljerat program p\u00e5 min blogg.<\/p>\n\n\n\n<div style=\"height:40px\" aria-hidden=\"true\" class=\"wp-block-spacer\"><\/div>\n\n\n\n<h5 class=\"wp-block-heading\">Villkor f\u00f6r att delta<\/h5>\n\n\n\n<p><strong>1-Detta \u00e4r en verklig total spr\u00e5kbad!<\/strong><br>Du bor hos din l\u00e4rare.<br>Din vistelse sker i en varm och v\u00e4nlig atmosf\u00e4r.<br>Det \u00e4r inte m\u00f6jligt om du inte dagligen f\u00f6rm\u00e5r uttrycka ett minimum av k\u00e4nslor och \u00e5sikter. Det \u00e4r annars f\u00f6r sv\u00e5rt psykiskt&#8230;<br>D\u00e4rf\u00f6r \u00e4r det n\u00f6dv\u00e4ndigt ha en viss grundniv\u00e5 f\u00f6r att delta: i form av de f\u00f6rsta 10 lektionerna (en ungef\u00e4r 60 timmars kurs) i franska.<br>Och mycket bra muntligt framst\u00e4llning.<\/p>\n\n\n\n<p><strong>2-Det \u00e4r intensiva kurser, 4,5 timme per dag, varje dag!<\/strong><br>Det \u00e4r bara 2 studenter p\u00e5 samma niv\u00e5:<br>Eftersom du bor hemma hos mig, l\u00e4r jag k\u00e4nna dig v\u00e4l. Mitt m\u00e5l \u00e4r att du utvecklas och korrigera dina svagheter i franska.<br>du uppmanas d\u00e4rf\u00f6r st\u00e4ndigt f\u00f6rs\u00f6ka .<br>Vissa m\u00e4nniskor beh\u00f6ver en l\u00e5ngsammare takt f\u00f6r att assimilera och \u00f6va.<br>I andra skolor, \u00e4ven i intensivkurser, kan eleverna l\u00e5ta bli att prata franska eftersom det \u00e4r m\u00e5nga elever.<br>Hos mig, nej.<br>Det kommer att vara f\u00f6r sv\u00e5rt f\u00f6r dem att f\u00f6lja mitt program.<\/p>\n\n\n\n<p><strong>3-det \u00e4r m\u00e5nga studenter som s\u00f6ker, s\u00e4rskilt mellan april och oktober. Det \u00e4r d\u00e4rf\u00f6r l\u00e4mpligt att skriva in sig 3 m\u00e5nader i f\u00f6rv\u00e4g.<\/strong><br>N\u00e4r du kontaktar mig,<br>b\u00f6rjar vi att e-posta varandra, vilket g\u00f6r att vi kan l\u00e4ra k\u00e4nna varandra och f\u00f6r mig f\u00f6rst\u00e5 din niv\u00e5 och din personlighet.<\/p>\n\n\n\n<h5 class=\"wp-block-heading\">Bloggen<\/h5>\n\n\n\n<p>Tveka inte att bes\u00f6ka <a href=\"https:\/\/la-petite-classe.com\/le-blog-de-la-prof\/\" target=\"_blank\" rel=\"noreferrer noopener\" aria-label=\"min blogg (s\u2019ouvre dans un nouvel onglet)\">min blogg<\/a> regelbundet f\u00f6r att l\u2019ra k\u00e4nna mig och uppt\u00e4cka nya artiklar.<\/p>\n\n\n\n<figure class=\"wp-block-image size-large is-resized\"><a href=\"https:\/\/la-petite-classe.com\/le-blog-de-la-prof\/\" target=\"_blank\" rel=\"noreferrer noopener\"><img loading=\"lazy\" decoding=\"async\" src=\"https:\/\/la-petite-classe.com\/swe\/wp-content\/uploads\/sites\/6\/2019\/12\/Logo-dans-le-blog-3.png\" alt=\"\" class=\"wp-image-8\" width=\"251\" height=\"128\" srcset=\"https:\/\/la-petite-classe.com\/swe\/wp-content\/uploads\/sites\/6\/2019\/12\/Logo-dans-le-blog-3.png 335w, https:\/\/la-petite-classe.com\/swe\/wp-content\/uploads\/sites\/6\/2019\/12\/Logo-dans-le-blog-3-300x153.png 300w\" sizes=\"auto, (max-width: 251px) 100vw, 251px\" \/><\/a><\/figure>\n","protected":false},"excerpt":{"rendered":"<p>Den lilla klassen En liten skola.Den minsta i Frankrike.En skola hos Maryse&#8217;s, din l\u00e4rare.Du tar TGV i Paris (Gare de Lyon) eller direkt fr\u00e5n Roissy flygplats och efter bara en timme \u00e4r h\u00e4r! Det \u00e4r ett restaurerat gammalt kloster, fr\u00e5n 1610, i Semur-en-Auxois, en liten medeltida stad i Bourgogne, en fransk region rik p\u00e5 viner, [&hellip;]<\/p>\n","protected":false},"author":1,"featured_media":0,"parent":0,"menu_order":0,"comment_status":"closed","ping_status":"closed","template":"","meta":{"_seopress_robots_primary_cat":"","_seopress_titles_title":"%%sitetitle%% %%sep%% Kur i franska i Frankrike f\u00f6r privatpersoner","_seopress_titles_desc":"Intensivkurs franska f\u00f6r privatpersoner, totalt \"spr\u00e5kbad\" hemma hos l\u00e4raren. i Semur-en-Auxois.","_seopress_robots_index":"","footnotes":""},"class_list":["post-26","page","type-page","status-publish","hentry"],"_links":{"self":[{"href":"https:\/\/la-petite-classe.com\/swe\/wp-json\/wp\/v2\/pages\/26","targetHints":{"allow":["GET"]}}],"collection":[{"href":"https:\/\/la-petite-classe.com\/swe\/wp-json\/wp\/v2\/pages"}],"about":[{"href":"https:\/\/la-petite-classe.com\/swe\/wp-json\/wp\/v2\/types\/page"}],"author":[{"embeddable":true,"href":"https:\/\/la-petite-classe.com\/swe\/wp-json\/wp\/v2\/users\/1"}],"replies":[{"embeddable":true,"href":"https:\/\/la-petite-classe.com\/swe\/wp-json\/wp\/v2\/comments?post=26"}],"version-history":[{"count":6,"href":"https:\/\/la-petite-classe.com\/swe\/wp-json\/wp\/v2\/pages\/26\/revisions"}],"predecessor-version":[{"id":55,"href":"https:\/\/la-petite-classe.com\/swe\/wp-json\/wp\/v2\/pages\/26\/revisions\/55"}],"wp:attachment":[{"href":"https:\/\/la-petite-classe.com\/swe\/wp-json\/wp\/v2\/media?parent=26"}],"curies":[{"name":"wp","href":"https:\/\/api.w.org\/{rel}","templated":true}]}}