{"id":645,"date":"2021-07-01T17:18:28","date_gmt":"2021-07-01T15:18:28","guid":{"rendered":"https:\/\/la-petite-classe.com\/le-blog-de-la-prof\/?page_id=645"},"modified":"2021-07-15T16:08:06","modified_gmt":"2021-07-15T14:08:06","slug":"galerie-photos","status":"publish","type":"page","link":"https:\/\/la-petite-classe.com\/le-blog-de-la-prof\/galerie-photos\/","title":{"rendered":"Galerie photos"},"content":{"rendered":"<div id=\"metaslider-id-694\" style=\"width: 100%; margin: 0 auto;\" class=\"ml-slider-3-108-0 metaslider metaslider-flex metaslider-694 ml-slider has-dots-nav ms-theme-default\" role=\"region\" aria-label=\"Galerie de Maryse\" data-height=\"300\" data-width=\"700\">\n    <div id=\"metaslider_container_694\">\n        <div id=\"metaslider_694\">\n            <ul class='slides'>\n                <li style=\"display: block; width: 100%;\" class=\"slide-1401 ms-image \" aria-roledescription=\"slide\" data-date=\"2024-07-25 15:50:38\" data-filename=\"IMG_9096.jpeg\" data-slide-type=\"image\"><img loading=\"lazy\" decoding=\"async\" width=\"960\" height=\"1280\" src=\"https:\/\/i0.wp.com\/la-petite-classe.com\/le-blog-de-la-prof\/wp-content\/uploads\/sites\/2\/2024\/07\/IMG_9096.jpeg?fit=960%2C1280&amp;ssl=1\" class=\"slider-694 slide-1401 msDefaultImage\" alt=\"\" rel=\"\" title=\"IMG_9096\" srcset=\"https:\/\/i0.wp.com\/la-petite-classe.com\/le-blog-de-la-prof\/wp-content\/uploads\/sites\/2\/2024\/07\/IMG_9096.jpeg?w=960&amp;ssl=1 960w, https:\/\/i0.wp.com\/la-petite-classe.com\/le-blog-de-la-prof\/wp-content\/uploads\/sites\/2\/2024\/07\/IMG_9096.jpeg?resize=225%2C300&amp;ssl=1 225w, https:\/\/i0.wp.com\/la-petite-classe.com\/le-blog-de-la-prof\/wp-content\/uploads\/sites\/2\/2024\/07\/IMG_9096.jpeg?resize=768%2C1024&amp;ssl=1 768w\" sizes=\"auto, (max-width: 792px) 100vw, 792px\" \/><\/li>\n                <li style=\"display: none; width: 100%;\" class=\"slide-699 ms-image \" aria-roledescription=\"slide\" data-date=\"2021-07-02 17:49:37\" data-filename=\"2F1C455B-F728-4056-AFC2-71038EA0AE80.jpeg\" data-slide-type=\"image\"><img loading=\"lazy\" decoding=\"async\" width=\"1280\" height=\"960\" src=\"https:\/\/i0.wp.com\/la-petite-classe.com\/le-blog-de-la-prof\/wp-content\/uploads\/sites\/2\/2021\/06\/2F1C455B-F728-4056-AFC2-71038EA0AE80.jpeg?fit=1280%2C960&amp;ssl=1\" class=\"slider-694 slide-699 msDefaultImage\" alt=\"\" rel=\"\" title=\"\" srcset=\"https:\/\/i0.wp.com\/la-petite-classe.com\/le-blog-de-la-prof\/wp-content\/uploads\/sites\/2\/2021\/06\/2F1C455B-F728-4056-AFC2-71038EA0AE80.jpeg?w=1280&amp;ssl=1 1280w, https:\/\/i0.wp.com\/la-petite-classe.com\/le-blog-de-la-prof\/wp-content\/uploads\/sites\/2\/2021\/06\/2F1C455B-F728-4056-AFC2-71038EA0AE80.jpeg?resize=300%2C225&amp;ssl=1 300w, https:\/\/i0.wp.com\/la-petite-classe.com\/le-blog-de-la-prof\/wp-content\/uploads\/sites\/2\/2021\/06\/2F1C455B-F728-4056-AFC2-71038EA0AE80.jpeg?resize=1024%2C768&amp;ssl=1 1024w, https:\/\/i0.wp.com\/la-petite-classe.com\/le-blog-de-la-prof\/wp-content\/uploads\/sites\/2\/2021\/06\/2F1C455B-F728-4056-AFC2-71038EA0AE80.jpeg?resize=768%2C576&amp;ssl=1 768w\" sizes=\"auto, (max-width: 792px) 100vw, 792px\" \/><\/li>\n                <li style=\"display: none; width: 100%;\" class=\"slide-746 ms-image \" aria-roledescription=\"slide\" data-date=\"2021-10-15 15:25:22\" data-filename=\"1B141291-63EA-4B76-8984-504A6BF093B3.jpeg\" data-slide-type=\"image\"><img loading=\"lazy\" decoding=\"async\" width=\"2281\" height=\"1756\" src=\"https:\/\/i0.wp.com\/la-petite-classe.com\/le-blog-de-la-prof\/wp-content\/uploads\/sites\/2\/2021\/10\/1B141291-63EA-4B76-8984-504A6BF093B3.jpeg?fit=2281%2C1756&amp;ssl=1\" class=\"slider-694 slide-746 msDefaultImage\" alt=\"\" rel=\"\" title=\"1B141291-63EA-4B76-8984-504A6BF093B3\" srcset=\"https:\/\/i0.wp.com\/la-petite-classe.com\/le-blog-de-la-prof\/wp-content\/uploads\/sites\/2\/2021\/10\/1B141291-63EA-4B76-8984-504A6BF093B3.jpeg?w=2281&amp;ssl=1 2281w, https:\/\/i0.wp.com\/la-petite-classe.com\/le-blog-de-la-prof\/wp-content\/uploads\/sites\/2\/2021\/10\/1B141291-63EA-4B76-8984-504A6BF093B3.jpeg?resize=300%2C231&amp;ssl=1 300w, https:\/\/i0.wp.com\/la-petite-classe.com\/le-blog-de-la-prof\/wp-content\/uploads\/sites\/2\/2021\/10\/1B141291-63EA-4B76-8984-504A6BF093B3.jpeg?resize=1024%2C788&amp;ssl=1 1024w, https:\/\/i0.wp.com\/la-petite-classe.com\/le-blog-de-la-prof\/wp-content\/uploads\/sites\/2\/2021\/10\/1B141291-63EA-4B76-8984-504A6BF093B3.jpeg?resize=768%2C591&amp;ssl=1 768w, https:\/\/i0.wp.com\/la-petite-classe.com\/le-blog-de-la-prof\/wp-content\/uploads\/sites\/2\/2021\/10\/1B141291-63EA-4B76-8984-504A6BF093B3.jpeg?resize=1536%2C1182&amp;ssl=1 1536w, https:\/\/i0.wp.com\/la-petite-classe.com\/le-blog-de-la-prof\/wp-content\/uploads\/sites\/2\/2021\/10\/1B141291-63EA-4B76-8984-504A6BF093B3.jpeg?resize=2048%2C1577&amp;ssl=1 2048w\" sizes=\"auto, (max-width: 792px) 100vw, 792px\" \/><div class=\"caption-wrap\"><div class=\"caption\"><div>Salade follement savoureuse<\/div><\/div><\/div><\/li>\n                <li style=\"display: none; width: 100%;\" class=\"slide-1052 ms-image \" aria-roledescription=\"slide\" data-date=\"2023-02-23 15:27:39\" data-filename=\"5872B2E1-5196-41AC-8EF6-3FB5611C06BC.jpeg\" data-slide-type=\"image\"><img loading=\"lazy\" decoding=\"async\" width=\"756\" height=\"1008\" src=\"https:\/\/i0.wp.com\/la-petite-classe.com\/le-blog-de-la-prof\/wp-content\/uploads\/sites\/2\/2023\/02\/5872B2E1-5196-41AC-8EF6-3FB5611C06BC.jpeg?fit=756%2C1008&amp;ssl=1\" class=\"slider-694 slide-1052 msDefaultImage\" alt=\"\" rel=\"\" title=\"5872B2E1-5196-41AC-8EF6-3FB5611C06BC\" srcset=\"https:\/\/i0.wp.com\/la-petite-classe.com\/le-blog-de-la-prof\/wp-content\/uploads\/sites\/2\/2023\/02\/5872B2E1-5196-41AC-8EF6-3FB5611C06BC.jpeg?w=756&amp;ssl=1 756w, https:\/\/i0.wp.com\/la-petite-classe.com\/le-blog-de-la-prof\/wp-content\/uploads\/sites\/2\/2023\/02\/5872B2E1-5196-41AC-8EF6-3FB5611C06BC.jpeg?resize=225%2C300&amp;ssl=1 225w\" sizes=\"auto, (max-width: 756px) 100vw, 756px\" \/><div class=\"caption-wrap\"><div class=\"caption\"><div>Escapade en montgolfi\u00e8re au-dessus de Semur-en-Auxois<\/div><\/div><\/div><\/li>\n                <li style=\"display: none; width: 100%;\" class=\"slide-1273 ms-image \" aria-roledescription=\"slide\" data-date=\"2023-12-28 15:29:23\" data-filename=\"3F3B92E2-6C8B-49D6-98D7-13D019A56318.jpeg\" data-slide-type=\"image\"><img loading=\"lazy\" decoding=\"async\" width=\"1414\" height=\"1579\" src=\"https:\/\/i0.wp.com\/la-petite-classe.com\/le-blog-de-la-prof\/wp-content\/uploads\/sites\/2\/2023\/12\/3F3B92E2-6C8B-49D6-98D7-13D019A56318.jpeg?fit=1414%2C1579&amp;ssl=1\" class=\"slider-694 slide-1273 msDefaultImage\" alt=\"\" rel=\"\" title=\"3F3B92E2-6C8B-49D6-98D7-13D019A56318\" srcset=\"https:\/\/i0.wp.com\/la-petite-classe.com\/le-blog-de-la-prof\/wp-content\/uploads\/sites\/2\/2023\/12\/3F3B92E2-6C8B-49D6-98D7-13D019A56318.jpeg?w=1414&amp;ssl=1 1414w, https:\/\/i0.wp.com\/la-petite-classe.com\/le-blog-de-la-prof\/wp-content\/uploads\/sites\/2\/2023\/12\/3F3B92E2-6C8B-49D6-98D7-13D019A56318.jpeg?resize=269%2C300&amp;ssl=1 269w, https:\/\/i0.wp.com\/la-petite-classe.com\/le-blog-de-la-prof\/wp-content\/uploads\/sites\/2\/2023\/12\/3F3B92E2-6C8B-49D6-98D7-13D019A56318.jpeg?resize=917%2C1024&amp;ssl=1 917w, https:\/\/i0.wp.com\/la-petite-classe.com\/le-blog-de-la-prof\/wp-content\/uploads\/sites\/2\/2023\/12\/3F3B92E2-6C8B-49D6-98D7-13D019A56318.jpeg?resize=768%2C858&amp;ssl=1 768w, https:\/\/i0.wp.com\/la-petite-classe.com\/le-blog-de-la-prof\/wp-content\/uploads\/sites\/2\/2023\/12\/3F3B92E2-6C8B-49D6-98D7-13D019A56318.jpeg?resize=1375%2C1536&amp;ssl=1 1375w\" sizes=\"auto, (max-width: 792px) 100vw, 792px\" \/><\/li>\n                <li style=\"display: none; width: 100%;\" class=\"slide-1050 ms-image \" aria-roledescription=\"slide\" data-date=\"2023-02-23 15:15:50\" data-filename=\"0E1B5A6A-62D1-423F-B65C-19E838BC78BA-rotated.jpeg\" data-slide-type=\"image\"><img loading=\"lazy\" decoding=\"async\" width=\"480\" height=\"640\" src=\"https:\/\/i0.wp.com\/la-petite-classe.com\/le-blog-de-la-prof\/wp-content\/uploads\/sites\/2\/2023\/02\/0E1B5A6A-62D1-423F-B65C-19E838BC78BA-rotated.jpeg?fit=480%2C640&amp;ssl=1\" class=\"slider-694 slide-1050 msDefaultImage\" alt=\"\" rel=\"\" title=\"0E1B5A6A-62D1-423F-B65C-19E838BC78BA\" srcset=\"https:\/\/i0.wp.com\/la-petite-classe.com\/le-blog-de-la-prof\/wp-content\/uploads\/sites\/2\/2023\/02\/0E1B5A6A-62D1-423F-B65C-19E838BC78BA-rotated.jpeg?w=480&amp;ssl=1 480w, https:\/\/i0.wp.com\/la-petite-classe.com\/le-blog-de-la-prof\/wp-content\/uploads\/sites\/2\/2023\/02\/0E1B5A6A-62D1-423F-B65C-19E838BC78BA-rotated.jpeg?resize=225%2C300&amp;ssl=1 225w\" sizes=\"auto, (max-width: 480px) 100vw, 480px\" \/><div class=\"caption-wrap\"><div class=\"caption\"><div>Les marches de mon palais<\/div><\/div><\/div><\/li>\n                <li style=\"display: none; width: 100%;\" class=\"slide-697 ms-image \" aria-roledescription=\"slide\" data-date=\"2021-07-02 17:49:37\" data-filename=\"6D6A4251-D68F-45D6-A159-B9AE01A6CB14.jpeg\" data-slide-type=\"image\"><img loading=\"lazy\" decoding=\"async\" width=\"2016\" height=\"1512\" src=\"https:\/\/i0.wp.com\/la-petite-classe.com\/le-blog-de-la-prof\/wp-content\/uploads\/sites\/2\/2021\/06\/6D6A4251-D68F-45D6-A159-B9AE01A6CB14.jpeg?fit=2016%2C1512&amp;ssl=1\" class=\"slider-694 slide-697 msDefaultImage\" alt=\"\" rel=\"\" title=\"\" srcset=\"https:\/\/i0.wp.com\/la-petite-classe.com\/le-blog-de-la-prof\/wp-content\/uploads\/sites\/2\/2021\/06\/6D6A4251-D68F-45D6-A159-B9AE01A6CB14.jpeg?w=2016&amp;ssl=1 2016w, https:\/\/i0.wp.com\/la-petite-classe.com\/le-blog-de-la-prof\/wp-content\/uploads\/sites\/2\/2021\/06\/6D6A4251-D68F-45D6-A159-B9AE01A6CB14.jpeg?resize=300%2C225&amp;ssl=1 300w, https:\/\/i0.wp.com\/la-petite-classe.com\/le-blog-de-la-prof\/wp-content\/uploads\/sites\/2\/2021\/06\/6D6A4251-D68F-45D6-A159-B9AE01A6CB14.jpeg?resize=1024%2C768&amp;ssl=1 1024w, https:\/\/i0.wp.com\/la-petite-classe.com\/le-blog-de-la-prof\/wp-content\/uploads\/sites\/2\/2021\/06\/6D6A4251-D68F-45D6-A159-B9AE01A6CB14.jpeg?resize=768%2C576&amp;ssl=1 768w, https:\/\/i0.wp.com\/la-petite-classe.com\/le-blog-de-la-prof\/wp-content\/uploads\/sites\/2\/2021\/06\/6D6A4251-D68F-45D6-A159-B9AE01A6CB14.jpeg?resize=1536%2C1152&amp;ssl=1 1536w\" sizes=\"auto, (max-width: 792px) 100vw, 792px\" \/><\/li>\n                <li style=\"display: none; width: 100%;\" class=\"slide-710 ms-image \" aria-roledescription=\"slide\" data-date=\"2021-07-15 16:05:30\" data-filename=\"image-2.jpeg\" data-slide-type=\"image\"><img loading=\"lazy\" decoding=\"async\" width=\"1264\" height=\"1536\" src=\"https:\/\/i0.wp.com\/la-petite-classe.com\/le-blog-de-la-prof\/wp-content\/uploads\/sites\/2\/2021\/07\/image-2.jpeg?fit=1264%2C1536&amp;ssl=1\" class=\"slider-694 slide-710 msDefaultImage\" alt=\"\" rel=\"\" title=\"image-2\" srcset=\"https:\/\/i0.wp.com\/la-petite-classe.com\/le-blog-de-la-prof\/wp-content\/uploads\/sites\/2\/2021\/07\/image-2.jpeg?w=1264&amp;ssl=1 1264w, https:\/\/i0.wp.com\/la-petite-classe.com\/le-blog-de-la-prof\/wp-content\/uploads\/sites\/2\/2021\/07\/image-2.jpeg?resize=247%2C300&amp;ssl=1 247w, https:\/\/i0.wp.com\/la-petite-classe.com\/le-blog-de-la-prof\/wp-content\/uploads\/sites\/2\/2021\/07\/image-2.jpeg?resize=843%2C1024&amp;ssl=1 843w, https:\/\/i0.wp.com\/la-petite-classe.com\/le-blog-de-la-prof\/wp-content\/uploads\/sites\/2\/2021\/07\/image-2.jpeg?resize=768%2C933&amp;ssl=1 768w\" sizes=\"auto, (max-width: 792px) 100vw, 792px\" \/><\/li>\n                <li style=\"display: none; width: 100%;\" class=\"slide-750 ms-image \" aria-roledescription=\"slide\" data-date=\"2021-10-15 16:13:53\" data-filename=\"A2F2C924-35B4-4E5A-BD16-DADEE999953F.jpeg\" data-slide-type=\"image\"><img loading=\"lazy\" decoding=\"async\" width=\"1200\" height=\"900\" src=\"https:\/\/i0.wp.com\/la-petite-classe.com\/le-blog-de-la-prof\/wp-content\/uploads\/sites\/2\/2021\/10\/A2F2C924-35B4-4E5A-BD16-DADEE999953F.jpeg?fit=1200%2C900&amp;ssl=1\" class=\"slider-694 slide-750 msDefaultImage\" alt=\"\" rel=\"\" title=\"A2F2C924-35B4-4E5A-BD16-DADEE999953F\" srcset=\"https:\/\/i0.wp.com\/la-petite-classe.com\/le-blog-de-la-prof\/wp-content\/uploads\/sites\/2\/2021\/10\/A2F2C924-35B4-4E5A-BD16-DADEE999953F.jpeg?w=1200&amp;ssl=1 1200w, https:\/\/i0.wp.com\/la-petite-classe.com\/le-blog-de-la-prof\/wp-content\/uploads\/sites\/2\/2021\/10\/A2F2C924-35B4-4E5A-BD16-DADEE999953F.jpeg?resize=300%2C225&amp;ssl=1 300w, https:\/\/i0.wp.com\/la-petite-classe.com\/le-blog-de-la-prof\/wp-content\/uploads\/sites\/2\/2021\/10\/A2F2C924-35B4-4E5A-BD16-DADEE999953F.jpeg?resize=1024%2C768&amp;ssl=1 1024w, https:\/\/i0.wp.com\/la-petite-classe.com\/le-blog-de-la-prof\/wp-content\/uploads\/sites\/2\/2021\/10\/A2F2C924-35B4-4E5A-BD16-DADEE999953F.jpeg?resize=768%2C576&amp;ssl=1 768w\" sizes=\"auto, (max-width: 792px) 100vw, 792px\" \/><\/li>\n                <li style=\"display: none; width: 100%;\" class=\"slide-959 ms-image \" aria-roledescription=\"slide\" data-date=\"2022-09-01 15:41:03\" data-filename=\"9FEC036A-CEAE-4F84-8003-2C093C579554.jpeg\" data-slide-type=\"image\"><img loading=\"lazy\" decoding=\"async\" width=\"1837\" height=\"1028\" src=\"https:\/\/i0.wp.com\/la-petite-classe.com\/le-blog-de-la-prof\/wp-content\/uploads\/sites\/2\/2022\/09\/9FEC036A-CEAE-4F84-8003-2C093C579554.jpeg?fit=1837%2C1028&amp;ssl=1\" class=\"slider-694 slide-959 msDefaultImage\" alt=\"\" rel=\"\" title=\"9FEC036A-CEAE-4F84-8003-2C093C579554\" srcset=\"https:\/\/i0.wp.com\/la-petite-classe.com\/le-blog-de-la-prof\/wp-content\/uploads\/sites\/2\/2022\/09\/9FEC036A-CEAE-4F84-8003-2C093C579554.jpeg?w=1837&amp;ssl=1 1837w, https:\/\/i0.wp.com\/la-petite-classe.com\/le-blog-de-la-prof\/wp-content\/uploads\/sites\/2\/2022\/09\/9FEC036A-CEAE-4F84-8003-2C093C579554.jpeg?resize=300%2C168&amp;ssl=1 300w, https:\/\/i0.wp.com\/la-petite-classe.com\/le-blog-de-la-prof\/wp-content\/uploads\/sites\/2\/2022\/09\/9FEC036A-CEAE-4F84-8003-2C093C579554.jpeg?resize=1024%2C573&amp;ssl=1 1024w, https:\/\/i0.wp.com\/la-petite-classe.com\/le-blog-de-la-prof\/wp-content\/uploads\/sites\/2\/2022\/09\/9FEC036A-CEAE-4F84-8003-2C093C579554.jpeg?resize=768%2C430&amp;ssl=1 768w, https:\/\/i0.wp.com\/la-petite-classe.com\/le-blog-de-la-prof\/wp-content\/uploads\/sites\/2\/2022\/09\/9FEC036A-CEAE-4F84-8003-2C093C579554.jpeg?resize=1536%2C860&amp;ssl=1 1536w\" sizes=\"auto, (max-width: 792px) 100vw, 792px\" \/><div class=\"caption-wrap\"><div class=\"caption\"><div>Lavoir du XVIIIe si\u00e8cle, lorsque la lessive se faisait 2 fois par an.Les lavandi\u00e8res d\u00e9posaient le matin leur plat \u00e0 mijoter au four banal du village et le reprenaient le soir, apr\u00e8s leur lessive.<\/div><\/div><\/div><\/li>\n                <li style=\"display: none; width: 100%;\" class=\"slide-1048 ms-image \" aria-roledescription=\"slide\" data-date=\"2023-02-23 15:05:11\" data-filename=\"A1DC3F37-CB1C-47A6-AF17-E3174995FD22.jpeg\" data-slide-type=\"image\"><img loading=\"lazy\" decoding=\"async\" width=\"1168\" height=\"1790\" src=\"https:\/\/i0.wp.com\/la-petite-classe.com\/le-blog-de-la-prof\/wp-content\/uploads\/sites\/2\/2023\/02\/A1DC3F37-CB1C-47A6-AF17-E3174995FD22.jpeg?fit=1168%2C1790&amp;ssl=1\" class=\"slider-694 slide-1048 msDefaultImage\" alt=\"\" rel=\"\" title=\"A1DC3F37-CB1C-47A6-AF17-E3174995FD22\" srcset=\"https:\/\/i0.wp.com\/la-petite-classe.com\/le-blog-de-la-prof\/wp-content\/uploads\/sites\/2\/2023\/02\/A1DC3F37-CB1C-47A6-AF17-E3174995FD22.jpeg?w=1168&amp;ssl=1 1168w, https:\/\/i0.wp.com\/la-petite-classe.com\/le-blog-de-la-prof\/wp-content\/uploads\/sites\/2\/2023\/02\/A1DC3F37-CB1C-47A6-AF17-E3174995FD22.jpeg?resize=196%2C300&amp;ssl=1 196w, https:\/\/i0.wp.com\/la-petite-classe.com\/le-blog-de-la-prof\/wp-content\/uploads\/sites\/2\/2023\/02\/A1DC3F37-CB1C-47A6-AF17-E3174995FD22.jpeg?resize=668%2C1024&amp;ssl=1 668w, https:\/\/i0.wp.com\/la-petite-classe.com\/le-blog-de-la-prof\/wp-content\/uploads\/sites\/2\/2023\/02\/A1DC3F37-CB1C-47A6-AF17-E3174995FD22.jpeg?resize=768%2C1177&amp;ssl=1 768w, https:\/\/i0.wp.com\/la-petite-classe.com\/le-blog-de-la-prof\/wp-content\/uploads\/sites\/2\/2023\/02\/A1DC3F37-CB1C-47A6-AF17-E3174995FD22.jpeg?resize=1002%2C1536&amp;ssl=1 1002w\" sizes=\"auto, (max-width: 792px) 100vw, 792px\" \/><div class=\"caption-wrap\"><div class=\"caption\">Un d\u00eener m\u00e9di\u00e9val <\/div><\/div><\/li>\n                <li style=\"display: none; width: 100%;\" class=\"slide-1387 ms-image \" aria-roledescription=\"slide\" data-date=\"2024-07-25 15:40:38\" data-filename=\"IMG_0199.jpeg\" data-slide-type=\"image\"><img loading=\"lazy\" decoding=\"async\" width=\"580\" height=\"440\" src=\"https:\/\/i0.wp.com\/la-petite-classe.com\/le-blog-de-la-prof\/wp-content\/uploads\/sites\/2\/2024\/07\/IMG_0199.jpeg?fit=580%2C440&amp;ssl=1\" class=\"slider-694 slide-1387 msDefaultImage\" alt=\"\" rel=\"\" title=\"IMG_0199\" srcset=\"https:\/\/i0.wp.com\/la-petite-classe.com\/le-blog-de-la-prof\/wp-content\/uploads\/sites\/2\/2024\/07\/IMG_0199.jpeg?w=580&amp;ssl=1 580w, https:\/\/i0.wp.com\/la-petite-classe.com\/le-blog-de-la-prof\/wp-content\/uploads\/sites\/2\/2024\/07\/IMG_0199.jpeg?resize=300%2C228&amp;ssl=1 300w\" sizes=\"auto, (max-width: 580px) 100vw, 580px\" \/><\/li>\n                <li style=\"display: none; width: 100%;\" class=\"slide-696 ms-image \" aria-roledescription=\"slide\" data-date=\"2021-07-02 17:49:37\" data-filename=\"image-1.jpeg\" data-slide-type=\"image\"><img loading=\"lazy\" decoding=\"async\" width=\"1280\" height=\"926\" src=\"https:\/\/i0.wp.com\/la-petite-classe.com\/le-blog-de-la-prof\/wp-content\/uploads\/sites\/2\/2021\/06\/image-1.jpeg?fit=1280%2C926&amp;ssl=1\" class=\"slider-694 slide-696 msDefaultImage\" alt=\"\" rel=\"\" title=\"\" srcset=\"https:\/\/i0.wp.com\/la-petite-classe.com\/le-blog-de-la-prof\/wp-content\/uploads\/sites\/2\/2021\/06\/image-1.jpeg?w=1280&amp;ssl=1 1280w, https:\/\/i0.wp.com\/la-petite-classe.com\/le-blog-de-la-prof\/wp-content\/uploads\/sites\/2\/2021\/06\/image-1.jpeg?resize=300%2C217&amp;ssl=1 300w, https:\/\/i0.wp.com\/la-petite-classe.com\/le-blog-de-la-prof\/wp-content\/uploads\/sites\/2\/2021\/06\/image-1.jpeg?resize=1024%2C741&amp;ssl=1 1024w, https:\/\/i0.wp.com\/la-petite-classe.com\/le-blog-de-la-prof\/wp-content\/uploads\/sites\/2\/2021\/06\/image-1.jpeg?resize=768%2C556&amp;ssl=1 768w\" sizes=\"auto, (max-width: 792px) 100vw, 792px\" \/><\/li>\n                <li style=\"display: none; width: 100%;\" class=\"slide-721 ms-image \" aria-roledescription=\"slide\" data-date=\"2021-09-09 15:32:34\" data-filename=\"image.jpeg\" data-slide-type=\"image\"><img loading=\"lazy\" decoding=\"async\" width=\"682\" height=\"1090\" src=\"https:\/\/i0.wp.com\/la-petite-classe.com\/le-blog-de-la-prof\/wp-content\/uploads\/sites\/2\/2021\/07\/image.jpeg?fit=682%2C1090&amp;ssl=1\" class=\"slider-694 slide-721 msDefaultImage\" alt=\"\" rel=\"\" title=\"image\" srcset=\"https:\/\/i0.wp.com\/la-petite-classe.com\/le-blog-de-la-prof\/wp-content\/uploads\/sites\/2\/2021\/07\/image.jpeg?w=682&amp;ssl=1 682w, https:\/\/i0.wp.com\/la-petite-classe.com\/le-blog-de-la-prof\/wp-content\/uploads\/sites\/2\/2021\/07\/image.jpeg?resize=188%2C300&amp;ssl=1 188w, https:\/\/i0.wp.com\/la-petite-classe.com\/le-blog-de-la-prof\/wp-content\/uploads\/sites\/2\/2021\/07\/image.jpeg?resize=641%2C1024&amp;ssl=1 641w\" sizes=\"auto, (max-width: 682px) 100vw, 682px\" \/><\/li>\n                <li style=\"display: none; width: 100%;\" class=\"slide-748 ms-image \" aria-roledescription=\"slide\" data-date=\"2021-10-15 16:04:01\" data-filename=\"140170AF-EADF-4B56-80E2-9ADED6C48CD6.jpeg\" data-slide-type=\"image\"><img loading=\"lazy\" decoding=\"async\" width=\"1376\" height=\"1836\" src=\"https:\/\/i0.wp.com\/la-petite-classe.com\/le-blog-de-la-prof\/wp-content\/uploads\/sites\/2\/2021\/10\/140170AF-EADF-4B56-80E2-9ADED6C48CD6.jpeg?fit=1376%2C1836&amp;ssl=1\" class=\"slider-694 slide-748 msDefaultImage\" alt=\"\" rel=\"\" title=\"140170AF-EADF-4B56-80E2-9ADED6C48CD6\" srcset=\"https:\/\/i0.wp.com\/la-petite-classe.com\/le-blog-de-la-prof\/wp-content\/uploads\/sites\/2\/2021\/10\/140170AF-EADF-4B56-80E2-9ADED6C48CD6.jpeg?w=1376&amp;ssl=1 1376w, https:\/\/i0.wp.com\/la-petite-classe.com\/le-blog-de-la-prof\/wp-content\/uploads\/sites\/2\/2021\/10\/140170AF-EADF-4B56-80E2-9ADED6C48CD6.jpeg?resize=225%2C300&amp;ssl=1 225w, https:\/\/i0.wp.com\/la-petite-classe.com\/le-blog-de-la-prof\/wp-content\/uploads\/sites\/2\/2021\/10\/140170AF-EADF-4B56-80E2-9ADED6C48CD6.jpeg?resize=767%2C1024&amp;ssl=1 767w, https:\/\/i0.wp.com\/la-petite-classe.com\/le-blog-de-la-prof\/wp-content\/uploads\/sites\/2\/2021\/10\/140170AF-EADF-4B56-80E2-9ADED6C48CD6.jpeg?resize=768%2C1025&amp;ssl=1 768w, https:\/\/i0.wp.com\/la-petite-classe.com\/le-blog-de-la-prof\/wp-content\/uploads\/sites\/2\/2021\/10\/140170AF-EADF-4B56-80E2-9ADED6C48CD6.jpeg?resize=1151%2C1536&amp;ssl=1 1151w\" sizes=\"auto, (max-width: 792px) 100vw, 792px\" \/><div class=\"caption-wrap\"><div class=\"caption\"><div>Chat s\u00e9raphique, chat \u00e9trange, en qui tout est, comme en un ange, aussi subtil qu\u2019harmonieux\" Baudelaire<\/div><\/div><\/div><\/li>\n                <li style=\"display: none; width: 100%;\" class=\"slide-1455 ms-image \" aria-roledescription=\"slide\" data-date=\"2025-02-13 15:48:26\" data-filename=\"IMG_4752.jpeg\" data-slide-type=\"image\"><img loading=\"lazy\" decoding=\"async\" width=\"1280\" height=\"635\" src=\"https:\/\/i0.wp.com\/la-petite-classe.com\/le-blog-de-la-prof\/wp-content\/uploads\/sites\/2\/2025\/02\/IMG_4752.jpeg?fit=1280%2C635&amp;ssl=1\" class=\"slider-694 slide-1455 msDefaultImage\" alt=\"\" rel=\"\" title=\"IMG_4752\" srcset=\"https:\/\/i0.wp.com\/la-petite-classe.com\/le-blog-de-la-prof\/wp-content\/uploads\/sites\/2\/2025\/02\/IMG_4752.jpeg?w=1280&amp;ssl=1 1280w, https:\/\/i0.wp.com\/la-petite-classe.com\/le-blog-de-la-prof\/wp-content\/uploads\/sites\/2\/2025\/02\/IMG_4752.jpeg?resize=300%2C149&amp;ssl=1 300w, https:\/\/i0.wp.com\/la-petite-classe.com\/le-blog-de-la-prof\/wp-content\/uploads\/sites\/2\/2025\/02\/IMG_4752.jpeg?resize=1024%2C508&amp;ssl=1 1024w, https:\/\/i0.wp.com\/la-petite-classe.com\/le-blog-de-la-prof\/wp-content\/uploads\/sites\/2\/2025\/02\/IMG_4752.jpeg?resize=768%2C381&amp;ssl=1 768w\" sizes=\"auto, (max-width: 792px) 100vw, 792px\" \/><div class=\"caption-wrap\"><div class=\"caption\"><div>Mon adorable \u00a0jeune chien\u00a0<\/div><\/div><\/div><\/li>\n            <\/ul>\n        <\/div>\n        \n    <\/div>\n<\/div>\n","protected":false},"excerpt":{"rendered":"","protected":false},"author":1,"featured_media":0,"parent":0,"menu_order":0,"comment_status":"closed","ping_status":"closed","template":"","meta":{"_seopress_robots_primary_cat":"","_seopress_titles_title":"","_seopress_titles_desc":"","_seopress_robots_index":"","footnotes":""},"class_list":["post-645","page","type-page","status-publish","hentry"],"jetpack_sharing_enabled":true,"jetpack-related-posts":[],"_links":{"self":[{"href":"https:\/\/la-petite-classe.com\/le-blog-de-la-prof\/wp-json\/wp\/v2\/pages\/645","targetHints":{"allow":["GET"]}}],"collection":[{"href":"https:\/\/la-petite-classe.com\/le-blog-de-la-prof\/wp-json\/wp\/v2\/pages"}],"about":[{"href":"https:\/\/la-petite-classe.com\/le-blog-de-la-prof\/wp-json\/wp\/v2\/types\/page"}],"author":[{"embeddable":true,"href":"https:\/\/la-petite-classe.com\/le-blog-de-la-prof\/wp-json\/wp\/v2\/users\/1"}],"replies":[{"embeddable":true,"href":"https:\/\/la-petite-classe.com\/le-blog-de-la-prof\/wp-json\/wp\/v2\/comments?post=645"}],"version-history":[{"count":17,"href":"https:\/\/la-petite-classe.com\/le-blog-de-la-prof\/wp-json\/wp\/v2\/pages\/645\/revisions"}],"predecessor-version":[{"id":701,"href":"https:\/\/la-petite-classe.com\/le-blog-de-la-prof\/wp-json\/wp\/v2\/pages\/645\/revisions\/701"}],"wp:attachment":[{"href":"https:\/\/la-petite-classe.com\/le-blog-de-la-prof\/wp-json\/wp\/v2\/media?parent=645"}],"curies":[{"name":"wp","href":"https:\/\/api.w.org\/{rel}","templated":true}]}}