{"id":380,"date":"2020-02-13T14:57:33","date_gmt":"2020-02-13T13:57:33","guid":{"rendered":"https:\/\/la-petite-classe.com\/le-blog-de-la-prof\/?page_id=380"},"modified":"2023-06-22T14:55:31","modified_gmt":"2023-06-22T12:55:31","slug":"liens","status":"publish","type":"page","link":"https:\/\/la-petite-classe.com\/le-blog-de-la-prof\/liens\/","title":{"rendered":"Liens"},"content":{"rendered":"\n<h2 class=\"wp-block-heading\" id=\"voici-une-liste-de-liens-utiles\">Voici une liste de liens utiles :<\/h2>\n\n\n\n<h4 class=\"wp-block-heading\">\ud83e\udd8b Pour d\u00e9couvrir la Bourgogne : <a rel=\"noreferrer noopener\" aria-label=\"http:\/\/www.bourgogne.visite.org\/ (s\u2019ouvre dans un nouvel onglet)\" href=\"http:\/\/www.bourgogne.visite.org\/\" target=\"_blank\">http:\/\/www.bourgogne.visite.org\/<\/a><\/h4>\n\n\n\n<div style=\"text-align:center;background: #38302B;display:block;float:left;padding:5px;\"> <span style=\"font-family: Arial, Helvetica, sans-serif;font-size: 11px;color: #FFF;text-decoration:none;\">Notre&nbsp;site&nbsp;est&nbsp;r\u00e9f\u00e9renc\u00e9&nbsp;sur<\/span><br> <a href=\"\/\/www.bourgogne.visite.org\/FR\/visite-_836801.html\u202c\" target=\"_blank\" style=\"font-family: Arial, Helvetica, sans-serif;font-size: 14px;color: #FFCC00;text-decoration:none;\" rel=\"noopener noreferrer\">\u202ahttp:\/\/www.bourgogne.visite.org\u202c<\/a> <\/div>\n\n\n\n<div style=\"height:30px\" aria-hidden=\"true\" class=\"wp-block-spacer\"><\/div>\n\n\n\n<h3 class=\"wp-block-heading\">\u2666\ufe0fApprendre le fran\u00e7ais dans les C\u00e9vennes<\/h3>\n\n\n\n<figure class=\"wp-block-image size-large\"><a href=\"https:\/\/frenchincevennes.com\/\" target=\"_blank\" rel=\"noreferrer noopener\"><img data-recalc-dims=\"1\" loading=\"lazy\" decoding=\"async\" width=\"792\" height=\"254\" src=\"https:\/\/i0.wp.com\/la-petite-classe.com\/le-blog-de-la-prof\/wp-content\/uploads\/sites\/2\/2023\/06\/879946AC-E8FB-49EC-BB44-B03F6E6BD189.jpeg?resize=792%2C254&#038;ssl=1\" alt=\"\" class=\"wp-image-1194\" srcset=\"https:\/\/i0.wp.com\/la-petite-classe.com\/le-blog-de-la-prof\/wp-content\/uploads\/sites\/2\/2023\/06\/879946AC-E8FB-49EC-BB44-B03F6E6BD189-scaled.jpeg?resize=1024%2C329&amp;ssl=1 1024w, https:\/\/i0.wp.com\/la-petite-classe.com\/le-blog-de-la-prof\/wp-content\/uploads\/sites\/2\/2023\/06\/879946AC-E8FB-49EC-BB44-B03F6E6BD189-scaled.jpeg?resize=300%2C96&amp;ssl=1 300w, https:\/\/i0.wp.com\/la-petite-classe.com\/le-blog-de-la-prof\/wp-content\/uploads\/sites\/2\/2023\/06\/879946AC-E8FB-49EC-BB44-B03F6E6BD189-scaled.jpeg?resize=768%2C247&amp;ssl=1 768w, https:\/\/i0.wp.com\/la-petite-classe.com\/le-blog-de-la-prof\/wp-content\/uploads\/sites\/2\/2023\/06\/879946AC-E8FB-49EC-BB44-B03F6E6BD189-scaled.jpeg?resize=1536%2C494&amp;ssl=1 1536w, https:\/\/i0.wp.com\/la-petite-classe.com\/le-blog-de-la-prof\/wp-content\/uploads\/sites\/2\/2023\/06\/879946AC-E8FB-49EC-BB44-B03F6E6BD189-scaled.jpeg?resize=2048%2C658&amp;ssl=1 2048w, https:\/\/i0.wp.com\/la-petite-classe.com\/le-blog-de-la-prof\/wp-content\/uploads\/sites\/2\/2023\/06\/879946AC-E8FB-49EC-BB44-B03F6E6BD189-scaled.jpeg?w=2376&amp;ssl=1 2376w\" sizes=\"auto, (max-width: 792px) 100vw, 792px\" \/><\/a><\/figure>\n\n\n\n<div style=\"height:30px\" aria-hidden=\"true\" class=\"wp-block-spacer\"><\/div>\n\n\n\n<h3 class=\"wp-block-heading\">\u2666\ufe0f Et si vous voulez \u00e9tudier le fran\u00e7ais dans l\u2019arri\u00e8re- pays de Nice, vous pouvez consulter sans h\u00e9siter <\/h3>\n\n\n\n<figure class=\"wp-block-image size-large\"><a href=\"http:\/\/www.lacedilleimmersion.com\/\" target=\"_blank\" rel=\"noopener\"><img data-recalc-dims=\"1\" loading=\"lazy\" decoding=\"async\" width=\"250\" height=\"101\" src=\"https:\/\/i0.wp.com\/la-petite-classe.com\/le-blog-de-la-prof\/wp-content\/uploads\/sites\/2\/2021\/05\/cropped-cropped-LaCedille.png?resize=250%2C101&#038;ssl=1\" alt=\"\" class=\"wp-image-622\"\/><\/a><\/figure>\n\n\n\n<div style=\"height:30px\" aria-hidden=\"true\" class=\"wp-block-spacer\"><\/div>\n\n\n\n<h4 class=\"wp-block-heading\">\ud83e\udd8b un blog tr\u00e8s int\u00e9ressant pour d\u00e9couvrir la Bourgogne et des adresses utiles <\/h4>\n\n\n\n<figure class=\"wp-block-image size-full\"><a href=\"https:\/\/www.mon-coin-de-bourgogne.fr\/\" target=\"_blank\" rel=\"noopener\"><img loading=\"lazy\" decoding=\"async\" width=\"450\" height=\"169\" src=\"https:\/\/i0.wp.com\/la-petite-classe.com\/le-blog-de-la-prof\/wp-content\/uploads\/sites\/2\/2021\/12\/image.jpeg?fit=450%2C169&amp;ssl=1\" alt=\"\" class=\"wp-image-777\" srcset=\"https:\/\/i0.wp.com\/la-petite-classe.com\/le-blog-de-la-prof\/wp-content\/uploads\/sites\/2\/2021\/12\/image.jpeg?w=450&amp;ssl=1 450w, https:\/\/i0.wp.com\/la-petite-classe.com\/le-blog-de-la-prof\/wp-content\/uploads\/sites\/2\/2021\/12\/image.jpeg?resize=300%2C113&amp;ssl=1 300w\" sizes=\"auto, (max-width: 450px) 100vw, 450px\" \/><\/a><\/figure>\n\n\n\n<div style=\"height:30px\" aria-hidden=\"true\" class=\"wp-block-spacer\"><\/div>\n\n\n\n<h4 class=\"wp-block-heading\">\ud83c\udff0 Pour certains de mes \u00e9tudiant(e)s qui viennent en couple et qui souhaitent pr\u00e9server leur intimit\u00e9, voici , \u00e0 30 m de chez moi, une tr\u00e8s jolie maison: <a rel=\"noreferrer noopener\" href=\"https:\/\/www.airbnb.fr\/rooms\/43785234?adults=4&amp;federated_search_id=32aa4a88-dbb6-4e99-96af-7285bc6799fe&amp;source_impression_id=p3_1646734719_xq3u959QUeWsUsQd&amp;guests=1\" target=\"_blank\">en savoir + <\/a><\/h4>\n\n\n\n<p><\/p>\n\n\n\n<p><\/p>\n\n\n\n<p><\/p>\n","protected":false},"excerpt":{"rendered":"<p>Voici une liste de liens utiles : \ud83e\udd8b Pour d\u00e9couvrir la Bourgogne : http:\/\/www.bourgogne.visite.org\/ Notre&nbsp;site&nbsp;est&nbsp;r\u00e9f\u00e9renc\u00e9&nbsp;sur \u202ahttp:\/\/www.bourgogne.visite.org\u202c \u2666\ufe0fApprendre le fran\u00e7ais dans les C\u00e9vennes \u2666\ufe0f Et si vous voulez \u00e9tudier le fran\u00e7ais dans l\u2019arri\u00e8re- pays de Nice, vous pouvez consulter sans h\u00e9siter \ud83e\udd8b un blog tr\u00e8s int\u00e9ressant pour d\u00e9couvrir la Bourgogne et des adresses utiles \ud83c\udff0 Pour &hellip; <a href=\"https:\/\/la-petite-classe.com\/le-blog-de-la-prof\/liens\/\" class=\"more-link\">Continue reading <span class=\"screen-reader-text\">Liens<\/span><\/a><\/p>\n","protected":false},"author":1,"featured_media":0,"parent":0,"menu_order":0,"comment_status":"closed","ping_status":"closed","template":"","meta":{"_seopress_robots_primary_cat":"","_seopress_titles_title":"","_seopress_titles_desc":"","_seopress_robots_index":"","footnotes":""},"class_list":["post-380","page","type-page","status-publish","hentry"],"jetpack_sharing_enabled":true,"jetpack-related-posts":[],"_links":{"self":[{"href":"https:\/\/la-petite-classe.com\/le-blog-de-la-prof\/wp-json\/wp\/v2\/pages\/380","targetHints":{"allow":["GET"]}}],"collection":[{"href":"https:\/\/la-petite-classe.com\/le-blog-de-la-prof\/wp-json\/wp\/v2\/pages"}],"about":[{"href":"https:\/\/la-petite-classe.com\/le-blog-de-la-prof\/wp-json\/wp\/v2\/types\/page"}],"author":[{"embeddable":true,"href":"https:\/\/la-petite-classe.com\/le-blog-de-la-prof\/wp-json\/wp\/v2\/users\/1"}],"replies":[{"embeddable":true,"href":"https:\/\/la-petite-classe.com\/le-blog-de-la-prof\/wp-json\/wp\/v2\/comments?post=380"}],"version-history":[{"count":13,"href":"https:\/\/la-petite-classe.com\/le-blog-de-la-prof\/wp-json\/wp\/v2\/pages\/380\/revisions"}],"predecessor-version":[{"id":1197,"href":"https:\/\/la-petite-classe.com\/le-blog-de-la-prof\/wp-json\/wp\/v2\/pages\/380\/revisions\/1197"}],"wp:attachment":[{"href":"https:\/\/la-petite-classe.com\/le-blog-de-la-prof\/wp-json\/wp\/v2\/media?parent=380"}],"curies":[{"name":"wp","href":"https:\/\/api.w.org\/{rel}","templated":true}]}}